{"id":393,"date":"2018-09-03T14:11:36","date_gmt":"2018-09-03T14:11:36","guid":{"rendered":"https:\/\/www.mrshingles.com\/?page_id=393"},"modified":"2018-09-21T13:51:32","modified_gmt":"2018-09-21T13:51:32","slug":"home","status":"publish","type":"page","link":"https:\/\/www.mrshingles.com\/ca\/","title":{"rendered":"Home"},"content":{"rendered":"<p>Mr. Shingles es va fundar al 2015 amb el prop\u00f2sit de versionar als grans del blues:<span class=\"Apple-converted-space\">\u00a0 <a href=\"https:\/\/ca.wikipedia.org\/wiki\/B.B._King\">BB King<\/a>, <a href=\"https:\/\/ca.wikipedia.org\/wiki\/Otis_Rush\">Otis Rush<\/a>, <a href=\"https:\/\/ca.wikipedia.org\/wiki\/Jimmy_Rogers\">Jimmy Rogers<\/a>, <a href=\"https:\/\/ca.wikipedia.org\/wiki\/Magic_Sam\">Magic Sam<\/a>, <a href=\"https:\/\/ca.wikipedia.org\/wiki\/Them_(band)\">Them<\/a>, <a href=\"https:\/\/ca.wikipedia.org\/wiki\/Howlin%27_Wolf\">Howlin &#8216;Wolf<\/a> i <a href=\"https:\/\/ca.wikipedia.org\/wiki\/John_Mayall\">John Mayall<\/a>.<\/span><span class=\"Apple-converted-space\">\u00a0<\/span>A partir d&#8217;aquesta base de blues cl\u00e0ssic ha anat desenvolupant el seu so, barrejant el blues i el swing amb ritmes llatins i pinzellades de Jazz i Gospel.<\/p>\n<p>El<span class=\"Apple-converted-space\">\u00a0<\/span>fitxatges recents de m\u00e9s instrumentaliestes aporta nou color i calidesa al projecte; alliberant als altres m\u00fasics per tocar menys i sentir m\u00e9s, aix\u00ed com mana el blues m\u00e9s aut\u00e8ntic.<\/p>\n<p>Mr. Shingles ja coneix les sales m\u00e9s anomenades de Barcelona: <a href=\"https:\/\/www.harlemjazzclub.es\">Harlem Jazz Club<\/a>, <a href=\"http:\/\/www.elparaigua.com\">El Paraigua<\/a>, <a href=\"https:\/\/www.facebook.com\/sala.monasterio\/\">Sala Monasterio<\/a> o el\u00a0<a href=\"https:\/\/www.meam.es\">MEAM<\/a>; i festivals com An\u00f2lia Festival d&#8217;Igualada, Festival Inauditus, el Cicle Blues &amp; Sons i Figueres fa Estiu. En 2018, van estrenar el seu primer disc d&#8217;estudi,\u00a0&#8220;<a href=\"https:\/\/store.cdbaby.com\/cd\/mrshingles\">Green in Blue<\/a>&#8220;.<\/p>\n<p>Una banda que destaca per ser polivalent, internacional i innovadora; per\u00f2 alhora for\u00e7a respectuosa amb la tradici\u00f3 del blues.<\/p>\n","protected":false},"excerpt":{"rendered":"<p>Mr. Shingles es va fundar al 2015 amb el prop\u00f2sit de versionar als grans del blues:\u00a0 BB King, Otis Rush, Jimmy Rogers, Magic Sam, Them, Howlin &#8216;Wolf i John Mayall.\u00a0A&#8230;<\/p>\n","protected":false},"author":1,"featured_media":394,"parent":0,"menu_order":0,"comment_status":"closed","ping_status":"closed","template":"template-home.php","meta":{"jetpack_post_was_ever_published":false,"footnotes":""},"class_list":["post-393","page","type-page","status-publish","has-post-thumbnail","hentry"],"jetpack_sharing_enabled":true,"jetpack_shortlink":"https:\/\/wp.me\/P5skP7-6l","jetpack-related-posts":[],"_links":{"self":[{"href":"https:\/\/www.mrshingles.com\/ca\/wp-json\/wp\/v2\/pages\/393","targetHints":{"allow":["GET"]}}],"collection":[{"href":"https:\/\/www.mrshingles.com\/ca\/wp-json\/wp\/v2\/pages"}],"about":[{"href":"https:\/\/www.mrshingles.com\/ca\/wp-json\/wp\/v2\/types\/page"}],"author":[{"embeddable":true,"href":"https:\/\/www.mrshingles.com\/ca\/wp-json\/wp\/v2\/users\/1"}],"replies":[{"embeddable":true,"href":"https:\/\/www.mrshingles.com\/ca\/wp-json\/wp\/v2\/comments?post=393"}],"version-history":[{"count":1,"href":"https:\/\/www.mrshingles.com\/ca\/wp-json\/wp\/v2\/pages\/393\/revisions"}],"predecessor-version":[{"id":395,"href":"https:\/\/www.mrshingles.com\/ca\/wp-json\/wp\/v2\/pages\/393\/revisions\/395"}],"wp:featuredmedia":[{"embeddable":true,"href":"https:\/\/www.mrshingles.com\/ca\/wp-json\/wp\/v2\/media\/394"}],"wp:attachment":[{"href":"https:\/\/www.mrshingles.com\/ca\/wp-json\/wp\/v2\/media?parent=393"}],"curies":[{"name":"wp","href":"https:\/\/api.w.org\/{rel}","templated":true}]}}