{"id":407,"date":"2018-09-27T11:28:59","date_gmt":"2018-09-27T11:28:59","guid":{"rendered":"https:\/\/www.mrshingles.com\/?page_id=407"},"modified":"2018-09-27T12:18:57","modified_gmt":"2018-09-27T12:18:57","slug":"nuestra-historia","status":"publish","type":"page","link":"https:\/\/www.mrshingles.com\/es\/nuestra-historia\/","title":{"rendered":"Nuestra Historia"},"content":{"rendered":"<div id=\"attachment_415\" style=\"width: 310px\" class=\"wp-caption alignleft\"><img data-recalc-dims=\"1\" loading=\"lazy\" decoding=\"async\" aria-describedby=\"caption-attachment-415\" data-attachment-id=\"415\" data-permalink=\"https:\/\/www.mrshingles.com\/es\/nuestra-historia\/cover\/\" data-orig-file=\"https:\/\/i0.wp.com\/www.mrshingles.com\/wp-content\/uploads\/2018\/09\/Cover.jpg?fit=2680%2C1852&amp;ssl=1\" data-orig-size=\"2680,1852\" data-comments-opened=\"1\" data-image-meta=\"{&quot;aperture&quot;:&quot;6.3&quot;,&quot;credit&quot;:&quot;&quot;,&quot;camera&quot;:&quot;NIKON D3000&quot;,&quot;caption&quot;:&quot;&quot;,&quot;created_timestamp&quot;:&quot;1351573898&quot;,&quot;copyright&quot;:&quot;&quot;,&quot;focal_length&quot;:&quot;50&quot;,&quot;iso&quot;:&quot;100&quot;,&quot;shutter_speed&quot;:&quot;0.008&quot;,&quot;title&quot;:&quot;&quot;,&quot;orientation&quot;:&quot;1&quot;}\" data-image-title=\"Cover\" data-image-description=\"\" data-image-caption=\"\" data-medium-file=\"https:\/\/i0.wp.com\/www.mrshingles.com\/wp-content\/uploads\/2018\/09\/Cover.jpg?resize=300%2C207&amp;ssl=1\" data-large-file=\"https:\/\/i0.wp.com\/www.mrshingles.com\/wp-content\/uploads\/2018\/09\/Cover.jpg?resize=680%2C470&amp;ssl=1\" class=\"wp-image-415 size-medium\" src=\"https:\/\/i0.wp.com\/www.mrshingles.com\/wp-content\/uploads\/2018\/09\/Cover.jpg?resize=300%2C207&#038;ssl=1\" alt=\"\" width=\"300\" height=\"207\" srcset=\"https:\/\/i0.wp.com\/www.mrshingles.com\/wp-content\/uploads\/2018\/09\/Cover.jpg?resize=520%2C359&amp;ssl=1 520w, https:\/\/i0.wp.com\/www.mrshingles.com\/wp-content\/uploads\/2018\/09\/Cover.jpg?resize=768%2C531&amp;ssl=1 768w, https:\/\/i0.wp.com\/www.mrshingles.com\/wp-content\/uploads\/2018\/09\/Cover.jpg?resize=680%2C470&amp;ssl=1 680w, https:\/\/i0.wp.com\/www.mrshingles.com\/wp-content\/uploads\/2018\/09\/Cover.jpg?w=1880&amp;ssl=1 1880w\" sizes=\"auto, (max-width: 300px) 100vw, 300px\" \/><p id=\"caption-attachment-415\" class=\"wp-caption-text\">Mike Shannon y The Nights Dogs<\/p><\/div>\n<p><em>Mr. Shingles<\/em> se fund\u00f3 en 2015 por Brian O\u2019Mahony, Dara Luskin y Xavi Tom\u00e0s. Brian O\u2019Mahony (<a href=\"https:\/\/es.wikipedia.org\/wiki\/Cork\">Cork, Irlanda<\/a>) hab\u00eda sido un cantautor de blues\/folk en Dublin y se mud\u00f3 a Barcelona en 2002. Tras unos intentos de formar combos de <a href=\"https:\/\/es.wikipedia.org\/wiki\/Blues_brit\u00e1nico\">Blues Brit\u00e1nico<\/a> con m\u00fasicos locales y muchos viajes a las jams de blues de Barcelona, Brian conoci\u00f3 otro residente de Barcelona y veterano de su escena de m\u00fasica, Dara Luskin (<a href=\"https:\/\/es.wikipedia.org\/wiki\/Dubl%C3%ADn\">Dubl\u00edn, Irlanda<\/a>) en 2005. Despues de tocar juntos durante varios a\u00f1os y en varios proyectos formaron el grupo de blues rock <em>The Night Dogs<\/em> en con el bien conocido harmonicista, Mike Shannon (<a href=\"https:\/\/es.wikipedia.org\/wiki\/Sarasota\">Sarasota, FL, USA<\/a>) en 2012. Mike present\u00f3 Brian y Dara a Xavi Tom\u00e0s (<a href=\"https:\/\/es.wikipedia.org\/wiki\/Barcelona\">Barcelona, Espa\u00f1a<\/a>). Xavi ya hab\u00eda tocado con m\u00fasicos de blues bien conocidos en Barcelona (<a href=\"http:\/\/bigstoneworkers.com\">Johnny Big Stone<\/a>, <a href=\"https:\/\/www.davidgiorcelli.info\">David Giorcelli<\/a>, <a href=\"http:\/\/www.totablues.net\/totablues\/Inicio.html\">Tota Blues<\/a>, entre otros) y encaj\u00f3 perfectamente.<\/p>\n<div id=\"attachment_411\" style=\"width: 260px\" class=\"wp-caption alignright\"><a href=\"https:\/\/i0.wp.com\/www.mrshingles.com\/wp-content\/uploads\/2018\/09\/johny-perez-trio_1.jpg?ssl=1\" class=\"pretty_image\" data-rel=\"prettyPhoto[407]\"><img data-recalc-dims=\"1\" loading=\"lazy\" decoding=\"async\" aria-describedby=\"caption-attachment-411\" data-attachment-id=\"411\" data-permalink=\"https:\/\/www.mrshingles.com\/es\/nuestra-historia\/johny-perez-trio_1\/\" data-orig-file=\"https:\/\/i0.wp.com\/www.mrshingles.com\/wp-content\/uploads\/2018\/09\/johny-perez-trio_1-e1538049358307.jpg?fit=250%2C150&amp;ssl=1\" data-orig-size=\"250,150\" data-comments-opened=\"1\" data-image-meta=\"{&quot;aperture&quot;:&quot;0&quot;,&quot;credit&quot;:&quot;&quot;,&quot;camera&quot;:&quot;&quot;,&quot;caption&quot;:&quot;&quot;,&quot;created_timestamp&quot;:&quot;0&quot;,&quot;copyright&quot;:&quot;&quot;,&quot;focal_length&quot;:&quot;0&quot;,&quot;iso&quot;:&quot;0&quot;,&quot;shutter_speed&quot;:&quot;0&quot;,&quot;title&quot;:&quot;&quot;,&quot;orientation&quot;:&quot;0&quot;}\" data-image-title=\"johny-perez-trio_1\" data-image-description=\"\" data-image-caption=\"\" data-medium-file=\"https:\/\/i0.wp.com\/www.mrshingles.com\/wp-content\/uploads\/2018\/09\/johny-perez-trio_1-e1538049358307.jpg?resize=250%2C150&amp;ssl=1\" data-large-file=\"https:\/\/i0.wp.com\/www.mrshingles.com\/wp-content\/uploads\/2018\/09\/johny-perez-trio_1-e1538049358307.jpg?resize=250%2C150&amp;ssl=1\" class=\"wp-image-411 size-full\" src=\"https:\/\/i0.wp.com\/www.mrshingles.com\/wp-content\/uploads\/2018\/09\/johny-perez-trio_1-e1538049358307.jpg?resize=250%2C150&#038;ssl=1\" alt=\"\" width=\"250\" height=\"150\" \/><\/a><p id=\"caption-attachment-411\" class=\"wp-caption-text\">Xavi Tom\u00e0s (bateria) con Johnny Big Stone<\/p><\/div>\n<p><em>The Night Dogs<\/em> separ\u00f3 en 2015 y Brian, Dara y Xavi continuaron como <em>Mr. Shingles<\/em>. Brian siempre quer\u00eda volver a tocar Blues Brit\u00e1nico y de Chicago y entonces <em>Mr. Shingles<\/em> empez\u00f3 con un enfoque m\u00e1s cl\u00e1sico, tocando canciones de artistas como <a href=\"https:\/\/es.wikipedia.org\/wiki\/B._B._King\">B.B. King<\/a>, <a href=\"https:\/\/es.wikipedia.org\/wiki\/Otis_Rush\">Otis Rush<\/a>, <a href=\"https:\/\/es.wikipedia.org\/wiki\/Jimmy_Rogers\">Jimmy Rogers<\/a>, <a href=\"https:\/\/es.wikipedia.org\/wiki\/Magic_Sam\">Magic Sam<\/a>, <a href=\"https:\/\/es.wikipedia.org\/wiki\/Them\">Them<\/a>, <a href=\"https:\/\/es.wikipedia.org\/wiki\/The_Yardbirds\">The Yardbirds<\/a>\u00a0y <a href=\"https:\/\/es.wikipedia.org\/wiki\/John_Mayall\">John Mayall<\/a>. Empezaron tocando por los sitios m\u00e1s populares de Barcelona, como <a href=\"https:\/\/www.facebook.com\/elparaigua\/\">El Paraigua<\/a>, <a href=\"https:\/\/www.harlemjazzclub.es\">Harlem Jazz Club<\/a>, <a href=\"https:\/\/www.facebook.com\/sala.monasterio\/\">Sala Monasterio<\/a> entre otros. Dentro de poco estaban trabajando regularmente y llevando jams de blues con otros m\u00fasicos.<\/p>\n<p>En los siguientes dos a\u00f1os <em>Mr. Shingles<\/em> empezaron a aumentar su repertorio y comenz\u00f3 a tener un estilo m\u00e1s personal, mezclando el swing, ritmos latinos con Jazz y Gospel. No han olvidado de sus ra\u00edces, y salpican su repertorio con los cl\u00e1sicos del blues antiguo. En los finales de 2017, el pianista Stephane Ja\u00efs (<a href=\"https:\/\/es.wikipedia.org\/wiki\/Par%C3%ADs\">Paris, France<\/a>) se uni\u00f3 a la banda y con eso pod\u00edan pasar a otro nivel, liberando los otros m\u00fasicos y donando un sonido m\u00e1s amplio y lleno de soul.<\/p>\n<div id=\"attachment_418\" style=\"width: 310px\" class=\"wp-caption alignleft\"><img data-recalc-dims=\"1\" loading=\"lazy\" decoding=\"async\" aria-describedby=\"caption-attachment-418\" data-attachment-id=\"418\" data-permalink=\"https:\/\/www.mrshingles.com\/es\/nuestra-historia\/olympus-digital-camera\/\" data-orig-file=\"https:\/\/i0.wp.com\/www.mrshingles.com\/wp-content\/uploads\/2018\/09\/Masnou-b-w-2.jpg?fit=4608%2C3456&amp;ssl=1\" data-orig-size=\"4608,3456\" data-comments-opened=\"1\" data-image-meta=\"{&quot;aperture&quot;:&quot;1.8&quot;,&quot;credit&quot;:&quot;&quot;,&quot;camera&quot;:&quot;E-M1&quot;,&quot;caption&quot;:&quot;OLYMPUS DIGITAL CAMERA&quot;,&quot;created_timestamp&quot;:&quot;1523663696&quot;,&quot;copyright&quot;:&quot;&quot;,&quot;focal_length&quot;:&quot;20&quot;,&quot;iso&quot;:&quot;1250&quot;,&quot;shutter_speed&quot;:&quot;0.005&quot;,&quot;title&quot;:&quot;OLYMPUS DIGITAL CAMERA&quot;,&quot;orientation&quot;:&quot;0&quot;}\" data-image-title=\"OLYMPUS DIGITAL CAMERA\" data-image-description=\"\" data-image-caption=\"&lt;p&gt;OLYMPUS DIGITAL CAMERA&lt;\/p&gt;\n\" data-medium-file=\"https:\/\/i0.wp.com\/www.mrshingles.com\/wp-content\/uploads\/2018\/09\/Masnou-b-w-2.jpg?resize=300%2C225&amp;ssl=1\" data-large-file=\"https:\/\/i0.wp.com\/www.mrshingles.com\/wp-content\/uploads\/2018\/09\/Masnou-b-w-2.jpg?resize=680%2C510&amp;ssl=1\" class=\"wp-image-418 size-medium\" src=\"https:\/\/i0.wp.com\/www.mrshingles.com\/wp-content\/uploads\/2018\/09\/Masnou-b-w-2.jpg?resize=300%2C225&#038;ssl=1\" alt=\"\" width=\"300\" height=\"225\" srcset=\"https:\/\/i0.wp.com\/www.mrshingles.com\/wp-content\/uploads\/2018\/09\/Masnou-b-w-2.jpg?resize=520%2C390&amp;ssl=1 520w, https:\/\/i0.wp.com\/www.mrshingles.com\/wp-content\/uploads\/2018\/09\/Masnou-b-w-2.jpg?resize=768%2C576&amp;ssl=1 768w, https:\/\/i0.wp.com\/www.mrshingles.com\/wp-content\/uploads\/2018\/09\/Masnou-b-w-2.jpg?resize=680%2C510&amp;ssl=1 680w, https:\/\/i0.wp.com\/www.mrshingles.com\/wp-content\/uploads\/2018\/09\/Masnou-b-w-2.jpg?w=1880&amp;ssl=1 1880w, https:\/\/i0.wp.com\/www.mrshingles.com\/wp-content\/uploads\/2018\/09\/Masnou-b-w-2.jpg?w=2820&amp;ssl=1 2820w\" sizes=\"auto, (max-width: 300px) 100vw, 300px\" \/><p id=\"caption-attachment-418\" class=\"wp-caption-text\">Mr. Shingles<\/p><\/div>\n<p>En junio de 2018, <em>Mr. Shingles<\/em> estreno su primer disco de estudio, <a href=\"https:\/\/www.google.com\/url?sa=t&amp;rct=j&amp;q=&amp;esrc=s&amp;source=web&amp;cd=3&amp;cad=rja&amp;uact=8&amp;ved=2ahUKEwiri8iaj9vdAhXHwAIHHUauAr0QFjACegQIARAB&amp;url=https%3A%2F%2Fwww.mrshingles.com%2F2018%2F06%2F29%2Fgreen-in-blue-album-release%2F&amp;usg=AOvVaw0wcs4Ce32BL2ZW-mcoOx1Q\"><em>Green in Blue<\/em><\/a>. Lo define como punto de encuentro entre las culturas afroamericanas y irlandesas. Contiene doce canciones en total con tres canciones originales y arreglos de canciones escritas o versionadas por artistas irlandeses. Cuenta con la colaboraci\u00f3n de dos gran m\u00fasicos, el saxofonista Pedro Vera y el percusionista Lenin Jim\u00e9nez. Grabado en directo en los Cactus Studios de Barcelona, est\u00e1 tocado en un estilo de blues brit\u00e1nico de los 60.<\/p>\n<p><em>Mr. Shingles<\/em> es una banda de blues con mucha experiencia profesional. Destaca por ser polivalente; todos cantan y tocan varios estilos y instrumentos. Es tambi\u00e9n \u00fanico por la internacionalidad de sus componentes. Todo eso hace que <em>Mr. Shingles<\/em> sea un grupo muy original, a la vez lleno de respeto por la tradici\u00f3n del genero.<\/p>\n<div class=\"about_info\">\n<h4>Mr. Shingles s\u00f3n:<\/h4>\n<p>Brian O\u2019Mahony \u2013 voz<\/p>\n<p>Dara Luskin \u2013 bajo, voz<\/p>\n<p>Xavi Tom\u00e0s \u2013 bater\u00eda, voz<\/p>\n<p>Stephane Ja\u00efs \u2013 teclados, voz<\/p>\n<\/div>\n<div class=\"about_info\">\n<h4>Conciertos destacados:<\/h4>\n<p>2012 \u2013 Festival Internacional Colors de M\u00fasica (Andorra) \u2013 con Soul Dan<\/p>\n<p>2013 \u2013 Festival de M\u00fasica An\u00f2lia 25 Anys (Igualada) \u2013 con The Night Dogs<\/p>\n<p>2015 \u2013 II Ciclo de Blues &amp; Sons (Sant Pere de Ribes)<\/p>\n<p>2016 \u2013 Ciclo Figueres Fa Estiu (Figueres)<\/p>\n<p>2017 \u2013 Festival Inauditus (Barcelona)<\/p>\n<\/div>\n","protected":false},"excerpt":{"rendered":"<p>Mr. Shingles se fund\u00f3 en 2015 por Brian O\u2019Mahony, Dara Luskin y Xavi Tom\u00e0s. Brian O\u2019Mahony (Cork, Irlanda) hab\u00eda sido un cantautor de blues\/folk en Dublin y se mud\u00f3 a&#8230;<\/p>\n","protected":false},"author":1,"featured_media":0,"parent":0,"menu_order":0,"comment_status":"closed","ping_status":"closed","template":"template-fullwidth.php","meta":{"jetpack_post_was_ever_published":false,"footnotes":""},"class_list":["post-407","page","type-page","status-publish","hentry"],"jetpack_sharing_enabled":true,"jetpack_shortlink":"https:\/\/wp.me\/P5skP7-6z","jetpack-related-posts":[],"_links":{"self":[{"href":"https:\/\/www.mrshingles.com\/es\/wp-json\/wp\/v2\/pages\/407","targetHints":{"allow":["GET"]}}],"collection":[{"href":"https:\/\/www.mrshingles.com\/es\/wp-json\/wp\/v2\/pages"}],"about":[{"href":"https:\/\/www.mrshingles.com\/es\/wp-json\/wp\/v2\/types\/page"}],"author":[{"embeddable":true,"href":"https:\/\/www.mrshingles.com\/es\/wp-json\/wp\/v2\/users\/1"}],"replies":[{"embeddable":true,"href":"https:\/\/www.mrshingles.com\/es\/wp-json\/wp\/v2\/comments?post=407"}],"version-history":[{"count":5,"href":"https:\/\/www.mrshingles.com\/es\/wp-json\/wp\/v2\/pages\/407\/revisions"}],"predecessor-version":[{"id":424,"href":"https:\/\/www.mrshingles.com\/es\/wp-json\/wp\/v2\/pages\/407\/revisions\/424"}],"wp:attachment":[{"href":"https:\/\/www.mrshingles.com\/es\/wp-json\/wp\/v2\/media?parent=407"}],"curies":[{"name":"wp","href":"https:\/\/api.w.org\/{rel}","templated":true}]}}