{"id":425,"date":"2018-09-27T12:23:06","date_gmt":"2018-09-27T12:23:06","guid":{"rendered":"https:\/\/www.mrshingles.com\/?page_id=425"},"modified":"2018-09-27T12:23:06","modified_gmt":"2018-09-27T12:23:06","slug":"home","status":"publish","type":"page","link":"https:\/\/www.mrshingles.com\/es\/","title":{"rendered":"Home"},"content":{"rendered":"<p>Mr. Shingles se fund\u00f3 en 2015 con el prop\u00f3sito de versionar a los grandes del blues: artistas como BB King, Otis Rush, Jimmy Rogers, Magic Sam, Them, Howlin\u2019 Wolf y John Mayall.<\/p>\n<p>A partir de esta base de blues cl\u00e1sico ha ido desarrollando su sonido,<span class=\"Apple-converted-space\">\u00a0 <\/span>mezclando el blues y el swing con ritmos latinos y pinceladas de Jazz y Gospel.<\/p>\n<p>El reciente fichaje de otro instrumentalistas aporta nuevo color y calidez al proyecto; liberando a los dem\u00e1s m\u00fasicos para tocar menos y sentir m\u00e1s, as\u00ed como manda el blues m\u00e1s aut\u00e9ntico.<\/p>\n<p>Mr. Shingles ya conoce las<span class=\"Apple-converted-space\">\u00a0 <\/span>salas m\u00e1s renombrados de Barcelona: Harlem Jazz Club, El Paraigua,<span class=\"Apple-converted-space\">\u00a0 <\/span>Sala Monasterio o el MEAM; y festivales como<span class=\"Apple-converted-space\">\u00a0 <\/span>An\u00f2lia Festival de Igualada, Festival Inauditus, el Ciclo Blues &amp; Sons y Figueres fa Estiu.<\/p>\n<p><span class=\"Apple-converted-space\">\u00a0<\/span>Una banda que destaca por ser polivalente, internacional y innovadora; pero, a la vez, llena de respeto por la tradici\u00f3n del Blues.<\/p>\n","protected":false},"excerpt":{"rendered":"<p>Mr. Shingles se fund\u00f3 en 2015 con el prop\u00f3sito de versionar a los grandes del blues: artistas como BB King, Otis Rush, Jimmy Rogers, Magic Sam, Them, Howlin\u2019 Wolf y&#8230;<\/p>\n","protected":false},"author":1,"featured_media":426,"parent":0,"menu_order":0,"comment_status":"closed","ping_status":"closed","template":"template-home.php","meta":{"jetpack_post_was_ever_published":false,"footnotes":""},"class_list":["post-425","page","type-page","status-publish","has-post-thumbnail","hentry"],"jetpack_sharing_enabled":true,"jetpack_shortlink":"https:\/\/wp.me\/P5skP7-6R","jetpack-related-posts":[],"_links":{"self":[{"href":"https:\/\/www.mrshingles.com\/es\/wp-json\/wp\/v2\/pages\/425","targetHints":{"allow":["GET"]}}],"collection":[{"href":"https:\/\/www.mrshingles.com\/es\/wp-json\/wp\/v2\/pages"}],"about":[{"href":"https:\/\/www.mrshingles.com\/es\/wp-json\/wp\/v2\/types\/page"}],"author":[{"embeddable":true,"href":"https:\/\/www.mrshingles.com\/es\/wp-json\/wp\/v2\/users\/1"}],"replies":[{"embeddable":true,"href":"https:\/\/www.mrshingles.com\/es\/wp-json\/wp\/v2\/comments?post=425"}],"version-history":[{"count":2,"href":"https:\/\/www.mrshingles.com\/es\/wp-json\/wp\/v2\/pages\/425\/revisions"}],"predecessor-version":[{"id":428,"href":"https:\/\/www.mrshingles.com\/es\/wp-json\/wp\/v2\/pages\/425\/revisions\/428"}],"wp:featuredmedia":[{"embeddable":true,"href":"https:\/\/www.mrshingles.com\/es\/wp-json\/wp\/v2\/media\/426"}],"wp:attachment":[{"href":"https:\/\/www.mrshingles.com\/es\/wp-json\/wp\/v2\/media?parent=425"}],"curies":[{"name":"wp","href":"https:\/\/api.w.org\/{rel}","templated":true}]}}